{"id":516,"date":"2017-01-08T21:10:41","date_gmt":"2017-01-08T21:10:41","guid":{"rendered":"http:\/\/www.maha-solutions.com\/contact\/"},"modified":"2017-08-02T22:54:58","modified_gmt":"2017-08-02T22:54:58","slug":"contacto","status":"publish","type":"page","link":"https:\/\/www.maha-solutions.com\/es\/contacto\/","title":{"rendered":"Contacto"},"content":{"rendered":"<p>[et_pb_section admin_label=&#8221;Section&#8221; fullwidth=&#8221;on&#8221; specialty=&#8221;off&#8221; transparent_background=&#8221;off&#8221; allow_player_pause=&#8221;off&#8221; inner_shadow=&#8221;off&#8221; parallax=&#8221;off&#8221; parallax_method=&#8221;off&#8221; make_fullwidth=&#8221;off&#8221; use_custom_width=&#8221;off&#8221; width_unit=&#8221;on&#8221; make_equal=&#8221;off&#8221; use_custom_gutter=&#8221;off&#8221;][et_pb_fullwidth_slider admin_label=&#8221;Fullwidth Slider&#8221; show_arrows=&#8221;on&#8221; show_pagination=&#8221;on&#8221; auto=&#8221;on&#8221; auto_ignore_hover=&#8221;off&#8221; parallax=&#8221;on&#8221; parallax_method=&#8221;off&#8221; remove_inner_shadow=&#8221;off&#8221; background_position=&#8221;default&#8221; background_size=&#8221;default&#8221; hide_content_on_mobile=&#8221;off&#8221; hide_cta_on_mobile=&#8221;off&#8221; show_image_video_mobile=&#8221;off&#8221; custom_button=&#8221;off&#8221; button_letter_spacing=&#8221;0&#8243; button_use_icon=&#8221;default&#8221; button_icon_placement=&#8221;right&#8221; button_on_hover=&#8221;on&#8221; button_letter_spacing_hover=&#8221;0&#8243; header_font=&#8221;|on|||&#8221; bottom_padding=&#8221;250px&#8221;] [et_pb_slide background_image=&#8221;https:\/\/www.maha-solutions.com\/wp-content\/uploads\/2017\/01\/ContactUs.jpg&#8221; background_position=&#8221;default&#8221; background_size=&#8221;initial&#8221; background_color=&#8221;#ffffff&#8221; use_bg_overlay=&#8221;off&#8221; use_text_overlay=&#8221;off&#8221; alignment=&#8221;center&#8221; background_layout=&#8221;dark&#8221; allow_player_pause=&#8221;off&#8221; text_border_radius=&#8221;3&#8243; header_font_select=&#8221;default&#8221; header_font=&#8221;||||&#8221; body_font_select=&#8221;default&#8221; body_font=&#8221;||||&#8221; custom_button=&#8221;off&#8221; button_font_select=&#8221;default&#8221; button_font=&#8221;||||&#8221; button_use_icon=&#8221;default&#8221; button_icon_placement=&#8221;right&#8221; button_on_hover=&#8221;on&#8221;] [\/et_pb_slide] [\/et_pb_fullwidth_slider][\/et_pb_section][et_pb_section admin_label=&#8221;Section&#8221; fullwidth=&#8221;off&#8221; specialty=&#8221;off&#8221;][et_pb_row admin_label=&#8221;Row&#8221;][et_pb_column type=&#8221;1_2&#8243;][et_pb_text admin_label=&#8221;Text&#8221; background_layout=&#8221;light&#8221; text_orientation=&#8221;left&#8221; text_font_size=&#8221;16&#8243; use_border_color=&#8221;off&#8221; border_color=&#8221;#ffffff&#8221; border_style=&#8221;solid&#8221;]<\/p>\n<p>&nbsp;<\/p>\n<p>Gracias por visitar nuestra p\u00e1gina.<\/p>\n<p>Si desea ponerse en contacto con nosotros, por favor llene el formulario de contacto o env\u00ede un correo electr\u00f3nico directamente a una de nuestras oficinas. Estaremos en contacto con usted a la brevedad\u00a0Tenga en cuenta que podremos ayudarle en ingl\u00e9s, espa\u00f1ol y portugu\u00e9s.<\/p>\n<p>[\/et_pb_text][\/et_pb_column][et_pb_column type=&#8221;1_2&#8243;][et_pb_contact_form admin_label=&#8221;Formulario de contacto&#8221; captcha=&#8221;on&#8221; email=&#8221;info@maha-solutions.com&#8221; title=&#8221;Formulario de contacto&#8221; use_redirect=&#8221;off&#8221; success_message=&#8221;Thank you for your submission. We will be in touch with you shortly.&#8221; input_border_radius=&#8221;0&#8243; title_text_color=&#8221;#1c80c3&#8243; use_border_color=&#8221;off&#8221; border_color=&#8221;#ffffff&#8221; border_style=&#8221;solid&#8221; custom_button=&#8221;on&#8221; button_text_color=&#8221;#ffffff&#8221; button_bg_color=&#8221;#1c80c3&#8243; button_letter_spacing=&#8221;0&#8243; button_use_icon=&#8221;default&#8221; button_icon_placement=&#8221;right&#8221; button_on_hover=&#8221;on&#8221; button_text_color_hover=&#8221;#1c80c3&#8243; button_bg_color_hover=&#8221;#ffffff&#8221; button_border_color_hover=&#8221;#1c80c3&#8243; button_letter_spacing_hover=&#8221;0&#8243;] [et_pb_contact_field field_title=&#8221;Nombre&#8221; field_type=&#8221;input&#8221; field_id=&#8221;Nombre&#8221; required_mark=&#8221;on&#8221; fullwidth_field=&#8221;off&#8221; form_field_font_select=&#8221;default&#8221; form_field_font=&#8221;||||&#8221; use_border_color=&#8221;off&#8221; border_style=&#8221;solid&#8221;] [\/et_pb_contact_field][et_pb_contact_field field_title=&#8221;Direcci\u00f3n de Email &#8221; field_type=&#8221;email&#8221; field_id=&#8221;Email&#8221; required_mark=&#8221;on&#8221; fullwidth_field=&#8221;off&#8221; form_field_font_select=&#8221;default&#8221; form_field_font=&#8221;||||&#8221; use_border_color=&#8221;off&#8221; border_style=&#8221;solid&#8221;] [\/et_pb_contact_field][et_pb_contact_field field_title=&#8221;Mensaje&#8221; field_type=&#8221;text&#8221; field_id=&#8221;Mensaje&#8221; required_mark=&#8221;on&#8221; fullwidth_field=&#8221;on&#8221; form_field_font_select=&#8221;default&#8221; form_field_font=&#8221;||||&#8221; use_border_color=&#8221;off&#8221; border_style=&#8221;solid&#8221;] [\/et_pb_contact_field] [\/et_pb_contact_form][\/et_pb_column][\/et_pb_row][et_pb_row admin_label=&#8221;Row&#8221;][et_pb_column type=&#8221;4_4&#8243;][et_pb_text admin_label=&#8221;Nuestras Oficinas&#8221; background_layout=&#8221;light&#8221; text_orientation=&#8221;left&#8221; header_font=&#8221;|||on|&#8221; header_font_size=&#8221;34px&#8221; header_text_color=&#8221;#1c80c3&#8243; use_border_color=&#8221;off&#8221; border_color=&#8221;#ffffff&#8221; border_style=&#8221;solid&#8221; saved_tabs=&#8221;all&#8221;]<\/p>\n<h1 style=\"text-align: center;\">Nuestras Oficinas<\/h1>\n<p>[\/et_pb_text][\/et_pb_column][\/et_pb_row][et_pb_row admin_label=&#8221;Row&#8221; make_fullwidth=&#8221;off&#8221; use_custom_width=&#8221;off&#8221; width_unit=&#8221;on&#8221; use_custom_gutter=&#8221;off&#8221; allow_player_pause=&#8221;off&#8221; parallax=&#8221;off&#8221; parallax_method=&#8221;off&#8221; make_equal=&#8221;off&#8221; parallax_1=&#8221;off&#8221; parallax_method_1=&#8221;off&#8221; parallax_2=&#8221;off&#8221; parallax_method_2=&#8221;off&#8221; parallax_3=&#8221;off&#8221; parallax_method_3=&#8221;off&#8221; parallax_4=&#8221;off&#8221; parallax_method_4=&#8221;off&#8221;][et_pb_column type=&#8221;1_3&#8243;][et_pb_map admin_label=&#8221;Argentina Mapa&#8221; address=&#8221;Sarmiento Park, Av. Dr. Ricardo Balb\u00edn 4750, Cdad. Aut\u00f3noma de Buenos Aires, Argentina&#8221; address_lat=&#8221;-34.55175334231205&#8243; address_lng=&#8221;-58.523053747265635&#8243; mouse_wheel=&#8221;on&#8221; mobile_dragging=&#8221;on&#8221; use_grayscale_filter=&#8221;off&#8221; grayscale_filter_amount=&#8221;0&#8243; zoom_level=&#8221;13&#8243;] [et_pb_map_pin pin_address=&#8221;Sgto Cabral 1071, Villa Maip\u00fa, Buenos Aires, Argentina&#8221; pin_address_lat=&#8221;-34.5563462&#8243; pin_address_lng=&#8221;-58.52106379999998&#8243;]<\/p>\n<p>Sargento Cabral 1071 (pasaje 62), Buenos Aires, Argentina 1650<\/p>\n<p>Phone: +54 9 11 5456 2865<\/p>\n<p>&nbsp;<\/p>\n<p>[\/et_pb_map_pin] [\/et_pb_map][et_pb_text admin_label=&#8221;Buenos Aires&#8221; background_layout=&#8221;light&#8221; text_orientation=&#8221;left&#8221; use_border_color=&#8221;off&#8221; border_color=&#8221;#ffffff&#8221; border_style=&#8221;solid&#8221;]<\/p>\n<h3>Oficina de\u00a0Buenos Aires, Argentinia<\/h3>\n<p>Sargento Cabral 1071 (pasaje 62), Buenos Aires, Argentina 1650<\/p>\n<p>Phone: +54 9 11 5456 2865<\/p>\n<p>Email: <a href=\"mailto:ell@maha-solutions.com\">ell@maha-solutions.com<\/a><\/p>\n<p>[\/et_pb_text][et_pb_map admin_label=&#8221;Peru Map&#8221; address=&#8221;Jir\u00f3n Ica 377, Distrito de Lima 15001, Peru&#8221; address_lat=&#8221;-12.045195932863047&#8243; address_lng=&#8221;-77.03345029364016&#8243; mouse_wheel=&#8221;on&#8221; mobile_dragging=&#8221;on&#8221; use_grayscale_filter=&#8221;off&#8221; grayscale_filter_amount=&#8221;0&#8243; zoom_level=&#8221;15&#8243;] [et_pb_map_pin pin_address=&#8221;Jir\u00f3n Ica 302, Distrito de Lima 15001, Peru&#8221; pin_address_lat=&#8221;-12.0456832&#8243; pin_address_lng=&#8221;-77.03412700000001&#8243;]<\/p>\n<p>Jir\u00f3n Ica 302, Distrito de Lima 15001, Peru<\/p>\n<p>Phone: +51 942 785 820<\/p>\n<p>[\/et_pb_map_pin] [\/et_pb_map][et_pb_text admin_label=&#8221;Lima&#8221; background_layout=&#8221;light&#8221; text_orientation=&#8221;left&#8221; use_border_color=&#8221;off&#8221; border_color=&#8221;#ffffff&#8221; border_style=&#8221;solid&#8221;]<\/p>\n<h3>Oficina de Lima, Peru<\/h3>\n<p>Jir\u00f3n Ica 302, Distrito de Lima 15001, Peru<\/p>\n<p>Phone: +51 942 785 820<\/p>\n<p>Email: <a href=\"mailto:gg@maha-solutions.com\">gg@maha-solutions.com<\/a><\/p>\n<p>[\/et_pb_text][\/et_pb_column][et_pb_column type=&#8221;1_3&#8243;][et_pb_map admin_label=&#8221;USA Map&#8221; address=&#8221;11807 Westheimer Rd #550, Houston, TX 77077, USA&#8221; address_lat=&#8221;29.7352005&#8243; address_lng=&#8221;-95.58614030000001&#8243; mouse_wheel=&#8221;on&#8221; mobile_dragging=&#8221;on&#8221; use_grayscale_filter=&#8221;off&#8221; grayscale_filter_amount=&#8221;0&#8243; zoom_level=&#8221;13&#8243;] [et_pb_map_pin pin_address=&#8221;11807 Westheimer Rd #550, Houston, TX 77077, USA&#8221; pin_address_lat=&#8221;29.7351738&#8243; pin_address_lng=&#8221;-95.58611889999997&#8243;]<\/p>\n<p>11807 Westheimer Rd, Ste 550-506, Houston, TX 77077, USA<\/p>\n<p>Phone: +1 281 543 2354<\/p>\n<p>&nbsp;<\/p>\n<p>[\/et_pb_map_pin] [\/et_pb_map][et_pb_text admin_label=&#8221;Texas&#8221; background_layout=&#8221;light&#8221; text_orientation=&#8221;left&#8221; use_border_color=&#8221;off&#8221; border_color=&#8221;#ffffff&#8221; border_style=&#8221;solid&#8221;]<\/p>\n<h3>Oficina de Texas, \u00a0 \u00a0 \u00a0 \u00a0 \u00a0 \u00a0 \u00a0 \u00a0 \u00a0 \u00a0 \u00a0 \u00a0 \u00a0 \u00a0 \u00a0 \u00a0 \u00a0 \u00a0 \u00a0 \u00a0 \u00a0 \u00a0 \u00a0 \u00a0 \u00a0 \u00a0 \u00a0 \u00a0 \u00a0 \u00a0 \u00a0 \u00a0 \u00a0 \u00a0 \u00a0 \u00a0 \u00a0 \u00a0 \u00a0 \u00a0 \u00a0 \u00a0 \u00a0 \u00a0 \u00a0 \u00a0 \u00a0 \u00a0 \u00a0 \u00a0 \u00a0 \u00a0\u00a0USA<\/h3>\n<p>11807 Westheimer Rd, Ste 550-506, Houston, TX 77077, USA<\/p>\n<p>Phone: +1 281 543 2354<\/p>\n<p>Email:\u00a0<a href=\"mailto:lq@maha-solutions.com\">lq@maha-solutions.com<\/a><\/p>\n<p>[\/et_pb_text][et_pb_map admin_label=&#8221;Mapa de Lisboa&#8221; address=&#8221;R. Jo\u00e3o de Freitas Branco 20, 1500-627 Lisboa, Portugal&#8221; address_lat=&#8221;38.7523318&#8243; address_lng=&#8221;-9.179641500000002&#8243; mouse_wheel=&#8221;on&#8221; mobile_dragging=&#8221;on&#8221; use_grayscale_filter=&#8221;off&#8221; grayscale_filter_amount=&#8221;0&#8243; zoom_level=&#8221;13&#8243;] [et_pb_map_pin pin_address=&#8221;11807 Westheimer Rd #550, Houston, TX 77077, USA&#8221; pin_address_lat=&#8221;29.7351738&#8243; pin_address_lng=&#8221;-95.58611889999997&#8243;]<\/p>\n<p>11807 Westheimer Rd, Ste 550-506, Houston, TX 77077, USA<\/p>\n<p>Phone: +1 281 543 2354<\/p>\n<p>&nbsp;<\/p>\n<p>[\/et_pb_map_pin] [\/et_pb_map][et_pb_text admin_label=&#8221;Lisboa&#8221; background_layout=&#8221;light&#8221; text_orientation=&#8221;left&#8221; use_border_color=&#8221;off&#8221; border_color=&#8221;#ffffff&#8221; border_style=&#8221;solid&#8221;]<\/p>\n<h3>Oficina de Lisboa, Portugal<\/h3>\n<p>1R. Jo\u00e3o de Freitas Branco 20, 1500-627 Lisboa, Portugal<\/p>\n<p>Phone: +351 969 794 288<\/p>\n<p>Email:\u00a0<a href=\"mailto:lq@maha-solutions.com\">ell@maha-solutions.com<\/a><\/p>\n<p>[\/et_pb_text][\/et_pb_column][et_pb_column type=&#8221;1_3&#8243;][et_pb_map admin_label=&#8221;Bolivia Map&#8221; address=&#8221;Iglesia, Santa Cruz de la Sierra, Bolivia&#8221; zoom_level=&#8221;15&#8243; address_lat=&#8221;-17.785355375202293&#8243; address_lng=&#8221;-63.182930334301766&#8243; mouse_wheel=&#8221;on&#8221; mobile_dragging=&#8221;on&#8221; use_grayscale_filter=&#8221;off&#8221; grayscale_filter_amount=&#8221;0&#8243;] [et_pb_map_pin pin_address=&#8221;Monse\u00f1or Salvatierra, Santa Cruz de la Sierra 591, Bolivia&#8221; pin_address_lat=&#8221;-17.789220638231814&#8243; pin_address_lng=&#8221;-63.182521196117364&#8243;]<\/p>\n<p>Manuel Ignacio Salvatierra 135, Santa Cruz de la Sierra, Bolivia<\/p>\n<p>Phone: +591 79000376<\/p>\n<p>&nbsp;<\/p>\n<p>[\/et_pb_map_pin] [\/et_pb_map][et_pb_text admin_label=&#8221;Santa Cruz&#8221; background_layout=&#8221;light&#8221; text_orientation=&#8221;left&#8221; use_border_color=&#8221;off&#8221; border_color=&#8221;#ffffff&#8221; border_style=&#8221;solid&#8221;]<\/p>\n<h3 style=\"text-align: left;\">Oficina de Santa Cruz, Bolivia<\/h3>\n<p>Manuel Ignacio Salvatierra 135, Santa Cruz de la Sierra, Bolivia<\/p>\n<p>Phone: +591 79000376<\/p>\n<p>Email:\u00a0<a href=\"mailto:mss@maha-solutions.com\">mss@maha-solutions.com<\/a><\/p>\n<p>[\/et_pb_text][et_pb_map admin_label=&#8221;Dubai Map&#8221; address=&#8221;Building E, Business Park, World Central &#8211; Dubai &#8211; United Arab Emirates&#8221; zoom_level=&#8221;15&#8243; address_lat=&#8221;24.909048992925413&#8243; address_lng=&#8221;55.11635330000002&#8243; mouse_wheel=&#8221;on&#8221; mobile_dragging=&#8221;on&#8221; use_grayscale_filter=&#8221;off&#8221; grayscale_filter_amount=&#8221;0&#8243;] [et_pb_map_pin pin_address=&#8221;Monse\u00f1or Salvatierra, Santa Cruz de la Sierra 591, Bolivia&#8221; pin_address_lat=&#8221;-17.789220638231814&#8243; pin_address_lng=&#8221;-63.182521196117364&#8243;]<\/p>\n<p>Manuel Ignacio Salvatierra 135, Santa Cruz de la Sierra, Bolivia<\/p>\n<p>Phone: +591 79000376<\/p>\n<p>&nbsp;<\/p>\n<p>[\/et_pb_map_pin] [\/et_pb_map][et_pb_text admin_label=&#8221;Dubai&#8221; background_layout=&#8221;light&#8221; text_orientation=&#8221;left&#8221; use_border_color=&#8221;off&#8221; border_color=&#8221;#ffffff&#8221; border_style=&#8221;solid&#8221;]<\/p>\n<h3>Oficina de\u00a0Dubai, UAE<\/h3>\n<p>Building E, Office 326, Business Park, Dubai World Central<\/p>\n<p>Phone: +971 544 024 320<\/p>\n<p>Email: <a href=\"mailto:ell@maha-solutions.com\">ell@maha-solutions.com<\/a><\/p>\n<p>[\/et_pb_text][\/et_pb_column][\/et_pb_row][\/et_pb_section]<\/p>\n","protected":false},"excerpt":{"rendered":"<p>[et_pb_section admin_label=&#8221;Section&#8221; fullwidth=&#8221;on&#8221; specialty=&#8221;off&#8221; transparent_background=&#8221;off&#8221; allow_player_pause=&#8221;off&#8221; inner_shadow=&#8221;off&#8221; parallax=&#8221;off&#8221; parallax_method=&#8221;off&#8221; make_fullwidth=&#8221;off&#8221; use_custom_width=&#8221;off&#8221; width_unit=&#8221;on&#8221; make_equal=&#8221;off&#8221; use_custom_gutter=&#8221;off&#8221;][et_pb_fullwidth_slider admin_label=&#8221;Fullwidth Slider&#8221; show_arrows=&#8221;on&#8221; show_pagination=&#8221;on&#8221; auto=&#8221;on&#8221; auto_ignore_hover=&#8221;off&#8221; parallax=&#8221;on&#8221; parallax_method=&#8221;off&#8221; remove_inner_shadow=&#8221;off&#8221; background_position=&#8221;default&#8221; background_size=&#8221;default&#8221; hide_content_on_mobile=&#8221;off&#8221; hide_cta_on_mobile=&#8221;off&#8221; show_image_video_mobile=&#8221;off&#8221; custom_button=&#8221;off&#8221; button_letter_spacing=&#8221;0&#8243; button_use_icon=&#8221;default&#8221; button_icon_placement=&#8221;right&#8221; button_on_hover=&#8221;on&#8221; button_letter_spacing_hover=&#8221;0&#8243; header_font=&#8221;|on|||&#8221; bottom_padding=&#8221;250px&#8221;] [et_pb_slide background_image=&#8221;https:\/\/www.maha-solutions.com\/wp-content\/uploads\/2017\/01\/ContactUs.jpg&#8221; background_position=&#8221;default&#8221; background_size=&#8221;initial&#8221; background_color=&#8221;#ffffff&#8221; use_bg_overlay=&#8221;off&#8221; use_text_overlay=&#8221;off&#8221; alignment=&#8221;center&#8221; background_layout=&#8221;dark&#8221; allow_player_pause=&#8221;off&#8221; text_border_radius=&#8221;3&#8243; header_font_select=&#8221;default&#8221; header_font=&#8221;||||&#8221; body_font_select=&#8221;default&#8221; body_font=&#8221;||||&#8221; custom_button=&#8221;off&#8221; button_font_select=&#8221;default&#8221; button_font=&#8221;||||&#8221; button_use_icon=&#8221;default&#8221; [&hellip;]<\/p>\n","protected":false},"author":1,"featured_media":0,"parent":0,"menu_order":0,"comment_status":"closed","ping_status":"closed","template":"","meta":{"nf_dc_page":"","om_disable_all_campaigns":false,"jetpack_post_was_ever_published":false,"footnotes":""},"class_list":["post-516","page","type-page","status-publish","hentry"],"jetpack_sharing_enabled":true,"jetpack_shortlink":"https:\/\/wp.me\/P8hj0S-8k","_links":{"self":[{"href":"https:\/\/www.maha-solutions.com\/es\/wp-json\/wp\/v2\/pages\/516","targetHints":{"allow":["GET"]}}],"collection":[{"href":"https:\/\/www.maha-solutions.com\/es\/wp-json\/wp\/v2\/pages"}],"about":[{"href":"https:\/\/www.maha-solutions.com\/es\/wp-json\/wp\/v2\/types\/page"}],"author":[{"embeddable":true,"href":"https:\/\/www.maha-solutions.com\/es\/wp-json\/wp\/v2\/users\/1"}],"replies":[{"embeddable":true,"href":"https:\/\/www.maha-solutions.com\/es\/wp-json\/wp\/v2\/comments?post=516"}],"version-history":[{"count":6,"href":"https:\/\/www.maha-solutions.com\/es\/wp-json\/wp\/v2\/pages\/516\/revisions"}],"predecessor-version":[{"id":573,"href":"https:\/\/www.maha-solutions.com\/es\/wp-json\/wp\/v2\/pages\/516\/revisions\/573"}],"wp:attachment":[{"href":"https:\/\/www.maha-solutions.com\/es\/wp-json\/wp\/v2\/media?parent=516"}],"curies":[{"name":"wp","href":"https:\/\/api.w.org\/{rel}","templated":true}]}}